{"id":1304,"date":"2022-01-19T12:09:46","date_gmt":"2022-01-19T12:09:46","guid":{"rendered":"https:\/\/tradoaliments.com\/?page_id=1304"},"modified":"2023-04-24T22:27:55","modified_gmt":"2023-04-24T22:27:55","slug":"odin","status":"publish","type":"page","link":"https:\/\/tradoaliments.com\/it\/odin\/","title":{"rendered":"\u00d8DIN MERLUZZO"},"content":{"rendered":"<div id=\"productos\" class=\"fusion-container-anchor\"><div class=\"fusion-fullwidth fullwidth-box fusion-builder-row-1 fusion-parallax-fixed nonhundred-percent-fullwidth non-hundred-percent-height-scrolling\" style=\"--awb-border-radius-top-left:0px;--awb-border-radius-top-right:0px;--awb-border-radius-bottom-right:0px;--awb-border-radius-bottom-left:0px;--awb-padding-top:70px;--awb-padding-right:20px;--awb-padding-bottom:40px;--awb-padding-left:20px;--awb-margin-bottom:0px;--awb-background-image:url(&quot;https:\/\/tradoaliments.com\/wp-content\/uploads\/2022\/01\/froya_odin_background.jpg&quot;);--awb-background-size:cover;--awb-flex-wrap:wrap;background-attachment:fixed;\" ><div class=\"fusion-builder-row fusion-row\"><div class=\"fusion-layout-column fusion_builder_column fusion-builder-column-0 fusion_builder_column_1_1 1_1 fusion-one-full fusion-column-first fusion-column-last\" style=\"--awb-padding-top:150px;--awb-padding-bottom:20px;--awb-bg-size:cover;--awb-margin-bottom:60px;\"><div class=\"fusion-column-wrapper fusion-column-has-shadow fusion-flex-column-wrapper-legacy\"><div class=\"fusion-image-element fusion-image-align-center in-legacy-container\" style=\"text-align:center;--awb-margin-top:30px;--awb-margin-bottom:50px;--awb-max-width:900px;--awb-caption-title-font-family:var(--h2_typography-font-family);--awb-caption-title-font-weight:var(--h2_typography-font-weight);--awb-caption-title-font-style:var(--h2_typography-font-style);--awb-caption-title-size:var(--h2_typography-font-size);--awb-caption-title-transform:var(--h2_typography-text-transform);--awb-caption-title-line-height:var(--h2_typography-line-height);--awb-caption-title-letter-spacing:var(--h2_typography-letter-spacing);\"><div class=\"imageframe-align-center\"><span class=\" fusion-imageframe imageframe-none imageframe-1 hover-type-none\"><img decoding=\"async\" width=\"1000\" height=\"273\" title=\"lomo-odin\" src=\"https:\/\/tradoaliments.com\/wp-content\/uploads\/2023\/04\/lomo-odin.png\" alt class=\"img-responsive wp-image-2148\" srcset=\"https:\/\/tradoaliments.com\/wp-content\/uploads\/2023\/04\/lomo-odin-200x55.png 200w, https:\/\/tradoaliments.com\/wp-content\/uploads\/2023\/04\/lomo-odin-400x109.png 400w, https:\/\/tradoaliments.com\/wp-content\/uploads\/2023\/04\/lomo-odin-600x164.png 600w, https:\/\/tradoaliments.com\/wp-content\/uploads\/2023\/04\/lomo-odin-800x218.png 800w, https:\/\/tradoaliments.com\/wp-content\/uploads\/2023\/04\/lomo-odin.png 1000w\" sizes=\"(max-width: 800px) 100vw, 1000px\" \/><\/span><\/div><\/div><div class=\"fusion-clearfix\"><\/div><\/div><\/div><div class=\"fusion-layout-column fusion_builder_column fusion-builder-column-1 fusion_builder_column_1_1 1_1 fusion-one-full fusion-column-first fusion-column-last\" style=\"--awb-bg-size:cover;--awb-margin-top:10px;--awb-margin-bottom:50px;\"><div class=\"fusion-column-wrapper fusion-column-has-shadow fusion-flex-column-wrapper-legacy\"><div class=\"fusion-image-element fusion-image-align-left in-legacy-container\" style=\"text-align:left;--awb-margin-top:0px;--awb-max-width:600px;--awb-caption-title-font-family:var(--h2_typography-font-family);--awb-caption-title-font-weight:var(--h2_typography-font-weight);--awb-caption-title-font-style:var(--h2_typography-font-style);--awb-caption-title-size:var(--h2_typography-font-size);--awb-caption-title-transform:var(--h2_typography-text-transform);--awb-caption-title-line-height:var(--h2_typography-line-height);--awb-caption-title-letter-spacing:var(--h2_typography-letter-spacing);\"><span class=\" fusion-imageframe imageframe-none imageframe-2 hover-type-none\" style=\"margin-right:25px;float:left;\"><img decoding=\"async\" width=\"800\" height=\"268\" title=\"logo_odin_diagonal\" src=\"https:\/\/tradoaliments.com\/wp-content\/uploads\/2022\/01\/logo_odin_diagonal.png\" alt class=\"img-responsive wp-image-1414\" srcset=\"https:\/\/tradoaliments.com\/wp-content\/uploads\/2022\/01\/logo_odin_diagonal-200x67.png 200w, https:\/\/tradoaliments.com\/wp-content\/uploads\/2022\/01\/logo_odin_diagonal-400x134.png 400w, https:\/\/tradoaliments.com\/wp-content\/uploads\/2022\/01\/logo_odin_diagonal-600x201.png 600w, https:\/\/tradoaliments.com\/wp-content\/uploads\/2022\/01\/logo_odin_diagonal.png 800w\" sizes=\"(max-width: 800px) 100vw, 800px\" \/><\/span><\/div><div class=\"fusion-clearfix\"><\/div><\/div><\/div><div class=\"fusion-layout-column fusion_builder_column fusion-builder-column-2 fusion_builder_column_1_1 1_1 fusion-one-full fusion-column-first fusion-column-last\" style=\"--awb-padding-right:50px;--awb-padding-left:50px;--awb-bg-color:rgba(27,37,66,0.92);--awb-bg-color-hover:rgba(27,37,66,0.92);--awb-bg-size:cover;--awb-margin-top:50px;--awb-margin-bottom:100px;\"><div class=\"fusion-column-wrapper fusion-column-has-shadow fusion-flex-column-wrapper-legacy\"><div class=\"fusion-sep-clear\"><\/div><div class=\"fusion-separator fusion-full-width-sep\" style=\"margin-left: auto;margin-right: auto;margin-bottom:70px;width:100%;\"><div class=\"fusion-separator-border sep-double\" style=\"--awb-height:20px;--awb-amount:20px;border-color:#e2e2e2;border-top-width:0px;border-bottom-width:0px;\"><\/div><\/div><div class=\"fusion-sep-clear\"><\/div><div class=\"fusion-text fusion-text-1 fusion-text-no-margin\" style=\"--awb-font-size:19px;--awb-letter-spacing:2px;--awb-text-transform:none;--awb-text-color:#ffffff;--awb-margin-top:0px;--awb-margin-bottom:0px;--awb-text-font-family:&quot;Raleway&quot;;--awb-text-font-style:normal;--awb-text-font-weight:400;\"><p style=\"text-align: center;\">SENZA SALE AGGIUNTO<\/p>\n<\/div><div class=\"fusion-sep-clear\"><\/div><div class=\"fusion-separator\" style=\"margin-left: auto;margin-right: auto;margin-top:0px;margin-bottom:10px;width:100%;max-width:270px;\"><div class=\"fusion-separator-border sep-single sep-solid\" style=\"--awb-height:20px;--awb-amount:20px;--awb-sep-color:#dd6f46;border-color:#dd6f46;border-top-width:3px;\"><\/div><\/div><div class=\"fusion-sep-clear\"><\/div><div class=\"fusion-sep-clear\"><\/div><div class=\"fusion-separator fusion-full-width-sep\" style=\"margin-left: auto;margin-right: auto;margin-top:10px;margin-bottom:10px;width:100%;\"><div class=\"fusion-separator-border sep-double\" style=\"--awb-height:20px;--awb-amount:20px;border-color:#e2e2e2;border-top-width:0px;border-bottom-width:0px;\"><\/div><\/div><div class=\"fusion-sep-clear\"><\/div><div class=\"fusion-text fusion-text-2 fusion-text-no-margin\" style=\"--awb-font-size:75px;--awb-text-transform:none;--awb-text-color:#ffffff;--awb-margin-top:0px;--awb-margin-bottom:30px;--awb-text-font-family:&quot;Libre Baskerville&quot;;--awb-text-font-style:italic;--awb-text-font-weight:400;\"><p style=\"text-align: center;\">Pulito e sfilettato<\/p>\n<\/div><div class=\"fusion-text fusion-text-3 fusion-text-no-margin\" style=\"--awb-font-size:25px;--awb-text-transform:none;--awb-text-color:#909090;--awb-margin-top:0px;--awb-margin-bottom:0px;--awb-text-font-family:&quot;Raleway&quot;;--awb-text-font-style:normal;--awb-text-font-weight:400;\"><p style=\"text-align: center;\">MERLUZZO NATURALE NORVEGESE SENZA ADDITIVI<\/p>\n<\/div><div class=\"fusion-sep-clear\"><\/div><div class=\"fusion-separator fusion-full-width-sep\" style=\"margin-left: auto;margin-right: auto;margin-bottom:50px;width:100%;\"><div class=\"fusion-separator-border sep-double\" style=\"--awb-height:20px;--awb-amount:20px;border-color:#e2e2e2;border-top-width:0px;border-bottom-width:0px;\"><\/div><\/div><div class=\"fusion-sep-clear\"><\/div><div class=\"fusion-builder-row fusion-builder-row-inner fusion-row\"><div class=\"fusion-layout-column fusion_builder_column_inner fusion-builder-nested-column-0 fusion_builder_column_inner_1_3 1_3 fusion-one-third fusion-column-first\" style=\"--awb-bg-size:cover;--awb-margin-bottom:50px;width:33.333333333333%;width:calc(33.333333333333% - ( ( 4% + 4% ) * 0.33333333333333 ) );margin-right: 4%;\"><div class=\"fusion-column-wrapper fusion-column-has-shadow fusion-flex-column-wrapper-legacy\"><div class=\"fusion-image-element fusion-image-align-center in-legacy-container\" style=\"text-align:center;--awb-margin-bottom:20px;--awb-max-width:130px;--awb-caption-title-font-family:var(--h2_typography-font-family);--awb-caption-title-font-weight:var(--h2_typography-font-weight);--awb-caption-title-font-style:var(--h2_typography-font-style);--awb-caption-title-size:var(--h2_typography-font-size);--awb-caption-title-transform:var(--h2_typography-text-transform);--awb-caption-title-line-height:var(--h2_typography-line-height);--awb-caption-title-letter-spacing:var(--h2_typography-letter-spacing);\"><div class=\"imageframe-align-center\"><span class=\" fusion-imageframe imageframe-none imageframe-3 hover-type-none\"><img decoding=\"async\" width=\"800\" height=\"600\" title=\"70_grade_orange\" src=\"https:\/\/tradoaliments.com\/wp-content\/uploads\/2022\/01\/70_grade_orange.png\" alt class=\"img-responsive wp-image-1465\" srcset=\"https:\/\/tradoaliments.com\/wp-content\/uploads\/2022\/01\/70_grade_orange-200x150.png 200w, https:\/\/tradoaliments.com\/wp-content\/uploads\/2022\/01\/70_grade_orange-400x300.png 400w, https:\/\/tradoaliments.com\/wp-content\/uploads\/2022\/01\/70_grade_orange-600x450.png 600w, https:\/\/tradoaliments.com\/wp-content\/uploads\/2022\/01\/70_grade_orange.png 800w\" sizes=\"(max-width: 800px) 100vw, 400px\" \/><\/span><\/div><\/div><div class=\"fusion-title title fusion-title-1 fusion-sep-none fusion-title-center fusion-title-text fusion-title-size-three\" style=\"--awb-text-color:#ffffff;--awb-font-size:20px;\"><h3 class=\"fusion-title-heading title-heading-center fusion-responsive-typography-calculated\" style=\"font-family:&quot;Raleway&quot;;font-style:normal;font-weight:400;margin:0;font-size:1em;--fontSize:20;line-height:1.3;\"><p>L&#8217;ORIGINE \u00c8 IMPORTANTE.<br \/>\nCOSTE DEL BATSFJORD (NORVEGIA)<\/p><\/h3><\/div><div class=\"fusion-text fusion-text-4\" style=\"--awb-font-size:16px;--awb-text-transform:none;--awb-text-color:#ffffff;--awb-text-font-family:&quot;Raleway&quot;;--awb-text-font-style:normal;--awb-text-font-weight:400;\"><p><span style=\"color: #ffffff;\">Il merluzzo \u00d8DIN viene pescato con i tradizionali metodi con l&#8217;amo e la lenza al largo delle coste della Norvegia settentrionale. La qualit\u00e0 unica di \u00d8DIN si basa sulla sua origine e sul suo metodo di pesca. Le coste del Batsfjord, con la latitudine pi\u00f9 settentrionale della Norvegia (70 N), garantiscono acque pulite. Proponiamo Merluzzo Fresco Naturale, senza additivi e senza sale aggiunto.<\/span><\/p>\n<\/div><div class=\"fusion-clearfix\"><\/div><\/div><\/div><div class=\"fusion-layout-column fusion_builder_column_inner fusion-builder-nested-column-1 fusion_builder_column_inner_1_3 1_3 fusion-one-third\" style=\"--awb-bg-size:cover;--awb-margin-bottom:50px;width:33.333333333333%;width:calc(33.333333333333% - ( ( 4% + 4% ) * 0.33333333333333 ) );margin-right: 4%;\"><div class=\"fusion-column-wrapper fusion-column-has-shadow fusion-flex-column-wrapper-legacy\"><div class=\"fusion-image-element fusion-image-align-center in-legacy-container\" style=\"text-align:center;--awb-margin-bottom:20px;--awb-max-width:100px;--awb-caption-title-font-family:var(--h2_typography-font-family);--awb-caption-title-font-weight:var(--h2_typography-font-weight);--awb-caption-title-font-style:var(--h2_typography-font-style);--awb-caption-title-size:var(--h2_typography-font-size);--awb-caption-title-transform:var(--h2_typography-text-transform);--awb-caption-title-line-height:var(--h2_typography-line-height);--awb-caption-title-letter-spacing:var(--h2_typography-letter-spacing);\"><div class=\"imageframe-align-center\"><span class=\" fusion-imageframe imageframe-none imageframe-4 hover-type-none\"><img decoding=\"async\" width=\"600\" height=\"600\" title=\"anzuelo_taronja\" src=\"https:\/\/tradoaliments.com\/wp-content\/uploads\/2022\/01\/anzuelo_taronja.png\" alt class=\"img-responsive wp-image-1475\" srcset=\"https:\/\/tradoaliments.com\/wp-content\/uploads\/2022\/01\/anzuelo_taronja-200x200.png 200w, https:\/\/tradoaliments.com\/wp-content\/uploads\/2022\/01\/anzuelo_taronja-400x400.png 400w, https:\/\/tradoaliments.com\/wp-content\/uploads\/2022\/01\/anzuelo_taronja.png 600w\" sizes=\"(max-width: 800px) 100vw, 400px\" \/><\/span><\/div><\/div><div class=\"fusion-title title fusion-title-2 fusion-sep-none fusion-title-center fusion-title-text fusion-title-size-three\" style=\"--awb-text-color:#ffffff;--awb-font-size:20px;\"><h3 class=\"fusion-title-heading title-heading-center fusion-responsive-typography-calculated\" style=\"font-family:&quot;Raleway&quot;;font-style:normal;font-weight:400;margin:0;font-size:1em;--fontSize:20;line-height:1.3;\"><p>PESCA<br \/>\nTRADIZIONALE\/ARTIGIANALE<br \/>\nCON AMO<\/p><\/h3><\/div><div class=\"fusion-text fusion-text-5\" style=\"--awb-font-size:16px;--awb-text-transform:none;--awb-text-color:#ffffff;--awb-text-font-family:&quot;Raleway&quot;;--awb-text-font-style:normal;--awb-text-font-weight:400;\"><p style=\"text-align: left;\"><span style=\"color: #ffffff;\">Viene pescato da piccoli pescherecci che viaggiano quotidianamente lungo la costa e portano il merluzzo ogni giorno allo stabilimento per essere tagliato e confezionato in modernissimi impianti di taglio laser ad acqua.<\/span><\/p>\n<\/div><div class=\"fusion-clearfix\"><\/div><\/div><\/div><div class=\"fusion-layout-column fusion_builder_column_inner fusion-builder-nested-column-2 fusion_builder_column_inner_1_3 1_3 fusion-one-third fusion-column-last\" style=\"--awb-bg-size:cover;--awb-margin-bottom:50px;width:33.333333333333%;width:calc(33.333333333333% - ( ( 4% + 4% ) * 0.33333333333333 ) );\"><div class=\"fusion-column-wrapper fusion-column-has-shadow fusion-flex-column-wrapper-legacy\"><div class=\"fusion-image-element fusion-image-align-center in-legacy-container\" style=\"text-align:center;--awb-margin-bottom:20px;--awb-max-width:100px;--awb-caption-title-font-family:var(--h2_typography-font-family);--awb-caption-title-font-weight:var(--h2_typography-font-weight);--awb-caption-title-font-style:var(--h2_typography-font-style);--awb-caption-title-size:var(--h2_typography-font-size);--awb-caption-title-transform:var(--h2_typography-text-transform);--awb-caption-title-line-height:var(--h2_typography-line-height);--awb-caption-title-letter-spacing:var(--h2_typography-letter-spacing);\"><div class=\"imageframe-align-center\"><span class=\" fusion-imageframe imageframe-none imageframe-5 hover-type-none\"><img decoding=\"async\" width=\"600\" height=\"600\" title=\"laser_orange\" src=\"https:\/\/tradoaliments.com\/wp-content\/uploads\/2022\/01\/laser_orange-1.png\" alt class=\"img-responsive wp-image-1471\" srcset=\"https:\/\/tradoaliments.com\/wp-content\/uploads\/2022\/01\/laser_orange-1-200x200.png 200w, https:\/\/tradoaliments.com\/wp-content\/uploads\/2022\/01\/laser_orange-1-400x400.png 400w, https:\/\/tradoaliments.com\/wp-content\/uploads\/2022\/01\/laser_orange-1.png 600w\" sizes=\"(max-width: 800px) 100vw, 400px\" \/><\/span><\/div><\/div><div class=\"fusion-title title fusion-title-3 fusion-sep-none fusion-title-center fusion-title-text fusion-title-size-three\" style=\"--awb-text-color:#ffffff;--awb-font-size:20px;\"><h3 class=\"fusion-title-heading title-heading-center fusion-responsive-typography-calculated\" style=\"font-family:&quot;Raleway&quot;;font-style:normal;font-weight:400;margin:0;font-size:1em;--fontSize:20;line-height:1.3;\"><p>TAGLIARE E CONFEZIONARE FRESCO GIORNALIERO.<br \/>\nIN ORIGINE (NORVEGIA)<\/p><\/h3><\/div><div class=\"fusion-text fusion-text-6\" style=\"--awb-font-size:16px;--awb-text-transform:none;--awb-text-color:#ffffff;--awb-text-font-family:&quot;Raleway&quot;;--awb-text-font-style:normal;--awb-text-font-weight:400;\"><p style=\"text-align: left;\"><span style=\"color: #ffffff;\">\u00d8DIN ha sviluppato un processo di movimentazione ultra veloce che consiste nel combinare taglio laser ad acqua all&#8217;avanguardia e confezionamento, tutto fatto alla fonte, per mantenere le qualit\u00e0 originali del merluzzo.<\/span><\/p>\n<\/div><div class=\"fusion-clearfix\"><\/div><\/div><\/div><\/div><div class=\"fusion-sep-clear\"><\/div><div class=\"fusion-separator\" style=\"margin-left: auto;margin-right: auto;margin-bottom:50px;width:100%;max-width:190px;\"><div class=\"fusion-separator-border sep-single sep-solid\" style=\"--awb-height:20px;--awb-amount:20px;--awb-sep-color:#dd6f46;border-color:#dd6f46;border-top-width:3px;\"><\/div><\/div><div class=\"fusion-sep-clear\"><\/div><div class=\"fusion-text fusion-text-7 fusion-text-no-margin\" style=\"--awb-font-size:55px;--awb-text-transform:none;--awb-text-color:#ffffff;--awb-margin-top:0px;--awb-margin-bottom:50px;--awb-text-font-family:&quot;Libre Baskerville&quot;;--awb-text-font-style:normal;--awb-text-font-weight:400;\"><p style=\"text-align: center;\">Prodotti<\/p>\n<\/div><div class=\"fusion-aligncenter\"><a class=\"fusion-button button-flat button-xlarge button-custom fusion-button-default button-1 fusion-button-span-no fusion-button-default-type fusion-has-button-gradient\" style=\"--button_accent_color:#ffffff;--button_accent_hover_color:#ffffff;--button_border_hover_color:#ffffff;--button-border-radius-top-left:10px;--button-border-radius-top-right:10px;--button-border-radius-bottom-right:10px;--button-border-radius-bottom-left:10px;--button_gradient_top_color:#f37e47;--button_gradient_bottom_color:#f37e47;--button_gradient_top_color_hover:#f37e47;--button_gradient_bottom_color_hover:#f25309;\" target=\"_self\" href=\"https:\/\/tradoaliments.com\/it\/productos-odin-bacalao\/\"><i class=\"fa-eye fas button-icon-left\" aria-hidden=\"true\"><\/i><span class=\"fusion-button-text\">Prodotti<\/span><\/a><\/div><div class=\"fusion-sep-clear\"><\/div><div class=\"fusion-separator fusion-full-width-sep\" style=\"margin-left: auto;margin-right: auto;margin-top:50px;margin-bottom:50px;width:100%;\"><\/div><div class=\"fusion-sep-clear\"><\/div><div class=\"fusion-clearfix\"><\/div><\/div><\/div><\/div><\/div><\/div>\n","protected":false},"excerpt":{"rendered":"","protected":false},"author":6,"featured_media":0,"parent":0,"menu_order":0,"comment_status":"closed","ping_status":"closed","template":"100-width.php","meta":{"footnotes":""},"class_list":["post-1304","page","type-page","status-publish","hentry"],"aioseo_notices":[],"_links":{"self":[{"href":"https:\/\/tradoaliments.com\/it\/wp-json\/wp\/v2\/pages\/1304","targetHints":{"allow":["GET"]}}],"collection":[{"href":"https:\/\/tradoaliments.com\/it\/wp-json\/wp\/v2\/pages"}],"about":[{"href":"https:\/\/tradoaliments.com\/it\/wp-json\/wp\/v2\/types\/page"}],"author":[{"embeddable":true,"href":"https:\/\/tradoaliments.com\/it\/wp-json\/wp\/v2\/users\/6"}],"replies":[{"embeddable":true,"href":"https:\/\/tradoaliments.com\/it\/wp-json\/wp\/v2\/comments?post=1304"}],"version-history":[{"count":92,"href":"https:\/\/tradoaliments.com\/it\/wp-json\/wp\/v2\/pages\/1304\/revisions"}],"predecessor-version":[{"id":1942,"href":"https:\/\/tradoaliments.com\/it\/wp-json\/wp\/v2\/pages\/1304\/revisions\/1942"}],"wp:attachment":[{"href":"https:\/\/tradoaliments.com\/it\/wp-json\/wp\/v2\/media?parent=1304"}],"curies":[{"name":"wp","href":"https:\/\/api.w.org\/{rel}","templated":true}]}}