{"id":981,"date":"2020-07-07T08:55:22","date_gmt":"2020-07-07T08:55:22","guid":{"rendered":"https:\/\/tradoaliments.com\/politica-de-privacidad\/"},"modified":"2021-03-05T07:55:32","modified_gmt":"2021-03-05T07:55:32","slug":"politica-sulla-riservatezza","status":"publish","type":"page","link":"https:\/\/tradoaliments.com\/it\/politica-sulla-riservatezza\/","title":{"rendered":"Politica sulla riservatezza"},"content":{"rendered":"<p>&nbsp;<\/p>\n<hr \/>\n<p><strong><br \/>\n1. Responsabile del trattamento<\/strong><\/p>\n<p>Trado Aliments S.L. (di seguito, Trado Aliments) \u00e8 il proprietario di questo sito web e dei database personali che vengono generati dai dati forniti dagli utenti nel modulo di contatto o tramite una email indirizzata all&#8217;indirizzo email fornito. Trado Aliments non ha alcuna responsabilit\u00e0 per i moduli di terze parti che sono stati collegati a questo sito.<\/p>\n<p>&nbsp;<\/p>\n<hr \/>\n<p>&nbsp;<\/p>\n<p><strong>2. Diritti degli utenti<\/strong><\/p>\n<p>L&#8217;utente pu\u00f2 esercitare i propri diritti di accesso, rettifica, cancellazione, limitazione e opposizione al trattamento dei propri dati personali, nonch\u00e9 la loro portabilit\u00e0 secondo le modalit\u00e0 previste dalla normativa vigente, davanti al responsabile del trattamento in Calle Mas Saballs, 15 17118 Sant Sadurn\u00ed de l&#8217;Heura (Girona, Spagna) o tramite e-mail a info@tradoalimentacion.com, fornendo una copia del documento di identit\u00e0.<\/p>\n<p>&nbsp;<\/p>\n<hr \/>\n<p>&nbsp;<\/p>\n<p><strong>3. Finalit\u00e0 del trattamento dei dati personali<\/strong><\/p>\n<p>Trado Aliments tratter\u00e0 i dati personali che gli utenti hanno fornito attraverso il sito web per gestire le loro richieste. Selezionando la casella corrispondente l&#8217;utente accetta espressamente, liberamente ed inequivocabilmente e acconsente al trattamento dei propri dati personali per la predetta finalit\u00e0.<\/p>\n<p>\u00c8 necessario che l&#8217;utente fornisca informazioni veritiere poich\u00e9, in caso contrario, Trado Aliments non sar\u00e0 in grado di fornire il servizio che ha richiesto e l&#8217;utente sar\u00e0 responsabile per eventuali danni che potrebbero essere causati in conseguenza di aver fornito informazioni false, inesatte, informazioni incomplete e non aggiornate.<\/p>\n<p>&nbsp;<\/p>\n<hr \/>\n<p>&nbsp;<\/p>\n<p><strong>4. Destinatari delle informazioni<br \/>\n<\/strong><\/p>\n<p>I dati che l&#8217;utente fornisce tramite l\u2019email indicata e il form del sito web non verranno in nessun caso comunicati a terzi.<\/p>\n<p>&nbsp;<\/p>\n<hr \/>\n<p>&nbsp;<\/p>\n<p><strong>5. Conservazione dei dati personali<\/strong><\/p>\n<p>I dati personali forniti tramite l\u2019email indicata e il modulo sito web saranno conservati per un periodo minimo di un anno ai sensi della Legge 25\/2007, del 18 ottobre, sulla conservazione dei dati relativi alle comunicazioni elettroniche e nelle reti di comunicazione pubbliche, e per il periodo massimo di tempo stabilito dalla normativa per l&#8217;esercizio e la difesa dei crediti.<\/p>\n<p>&nbsp;<\/p>\n<hr \/>\n<p>&nbsp;<\/p>\n<p><strong>6. Revocare il trattamento dei dati personali<\/strong><\/p>\n<p>L&#8217;utente pu\u00f2, in qualsiasi momento, revocare il consenso prestato per il trattamento dei propri dati personali su questo sito web.<\/p>\n<p>&nbsp;<\/p>\n<hr \/>\n<p>&nbsp;<\/p>\n<p><strong>7. Cookies<\/strong><\/p>\n<p>Trado Aliments utilizza cookie propri e di terze parti e il loro scopo \u00e8 analizzare le visite web e generare statistiche a riguardo. Tuttavia, puoi impedire che vengano memorizzati sul tuo dispositivo configurando le opzioni del tuo browser:<\/p>\n<p><a href=\"https:\/\/support.mozilla.org\/es\/kb\/habilitar-y-deshabilitar-cookies-sitios-web-rastrear-preferencias\" target=\"_blank\" rel=\"noopener noreferrer\">Firefox <\/a><br \/>\n<a href=\"https:\/\/support.apple.com\/es-es\/HT201265\" target=\"_blank\" rel=\"noopener noreferrer\">Safari<\/a><br \/>\n<a href=\"https:\/\/support.google.com\/chrome\/answer\/95647?co=GENIE.Platform%3DDesktop&amp;hl=es\" target=\"_blank\" rel=\"noopener noreferrer\">Chrome<\/a><br \/>\n<a href=\"https:\/\/support.microsoft.com\/es-es\/help\/17442\/windows-internet-explorer-delete-manage-cookies\" target=\"_blank\" rel=\"noopener noreferrer\">Internet Explorer<\/a><\/p>\n<p>&nbsp;<\/p>\n<hr \/>\n<p>&nbsp;<\/p>\n<p><strong>8. Informazioni sul proprietario del sito web<\/strong><\/p>\n<p><em>Responsabile: <\/em>Trado Aliments S.L.<br \/>\n<em>CIF:<\/em> B66323635<br \/>\n<em>Domicilio fiscale:<\/em> Carrer Mas Saballs, 15. 17118 Sant Sadurn\u00ed de l\u2019Heura (Girona, Spain).<br \/>\n<em>Web:<\/em> www.tradoalimentacion.com<br \/>\n<em>Email:<\/em> info@tradoalimentacion.com<\/p>\n<p>&nbsp;<\/p>\n<hr \/>\n<p>&nbsp;<\/p>\n<p><strong>9. Data<\/strong><\/p>\n<p>Ultima modifica dell&#8217;informativa sulla privacy: 13 luglio 2020<\/p>\n<p>&nbsp;<\/p>\n<hr \/>\n<p>&nbsp;<\/p>\n","protected":false},"excerpt":{"rendered":"<p>&nbsp; 1. Responsabile del trattamento Trado Aliments S.L. (di seguito, [&hellip;]<\/p>\n","protected":false},"author":6,"featured_media":0,"parent":0,"menu_order":0,"comment_status":"closed","ping_status":"closed","template":"100-width.php","meta":{"footnotes":""},"class_list":["post-981","page","type-page","status-publish","hentry"],"aioseo_notices":[],"_links":{"self":[{"href":"https:\/\/tradoaliments.com\/it\/wp-json\/wp\/v2\/pages\/981","targetHints":{"allow":["GET"]}}],"collection":[{"href":"https:\/\/tradoaliments.com\/it\/wp-json\/wp\/v2\/pages"}],"about":[{"href":"https:\/\/tradoaliments.com\/it\/wp-json\/wp\/v2\/types\/page"}],"author":[{"embeddable":true,"href":"https:\/\/tradoaliments.com\/it\/wp-json\/wp\/v2\/users\/6"}],"replies":[{"embeddable":true,"href":"https:\/\/tradoaliments.com\/it\/wp-json\/wp\/v2\/comments?post=981"}],"version-history":[{"count":2,"href":"https:\/\/tradoaliments.com\/it\/wp-json\/wp\/v2\/pages\/981\/revisions"}],"predecessor-version":[{"id":983,"href":"https:\/\/tradoaliments.com\/it\/wp-json\/wp\/v2\/pages\/981\/revisions\/983"}],"wp:attachment":[{"href":"https:\/\/tradoaliments.com\/it\/wp-json\/wp\/v2\/media?parent=981"}],"curies":[{"name":"wp","href":"https:\/\/api.w.org\/{rel}","templated":true}]}}